{"id":7017,"date":"2025-01-27T10:21:37","date_gmt":"2025-01-27T09:21:37","guid":{"rendered":"https:\/\/casalead.onyx.casasoft.ch\/kontakt\/"},"modified":"2025-02-06T16:30:42","modified_gmt":"2025-02-06T15:30:42","slug":"contact","status":"publish","type":"page","link":"https:\/\/casalead.onyx.casasoft.ch\/fr\/contact\/","title":{"rendered":"Contact"},"content":{"rendered":"\n<div class=\"wp-block-casasoft-blocks-container  bg-white align-items-lg-center cs-hero\"><div class=\"container\">\n<div class=\"wp-block-columns is-layout-flex wp-container-core-columns-is-layout-28f84493 wp-block-columns-is-layout-flex\">\n<div class=\"wp-block-column is-layout-flow wp-block-column-is-layout-flow\">\n<div class=\"wp-block-casasoft-blocks-card cs-card border-radius  large bg-white\"><div class=\"cs-card-content\">\n<div class=\"wp-block-casasoft-blocks-heading cs-heading\"><div class=\"cs-supertitle\">Contact<\/div><h1>Si vous avez des questions, n&rsquo;h\u00e9sitez pas \u00e0 nous contacter<\/h1><\/div>\n<\/div><\/div>\n<\/div>\n\n\n\n<div class=\"wp-block-column is-layout-flow wp-block-column-is-layout-flow\">\n<div class=\"wp-block-casasoft-blocks-image  border-radius hero-image\"><img decoding=\"async\" src=\"https:\/\/casalead.onyx.casasoft.ch\/wp-content\/themes\/cs_onyx\/assets\/img\/example.jpg\" alt=\"Hero\" class=\"cs-image img-fluid semi-portrait hd\"\/><\/div>\n<\/div>\n<\/div>\n<\/div><\/div>\n\n\n\n<div class=\"wp-block-casasoft-blocks-container spacer-top-large spacer-bottom-large bg-primary  cs-cards-container\"><div class=\"container\">\n<div class=\"wp-block-columns is-layout-flex wp-container-core-columns-is-layout-28f84493 wp-block-columns-is-layout-flex\">\n<div class=\"wp-block-column is-layout-flow wp-block-column-is-layout-flow\">\n<div class=\"wp-block-casasoft-blocks-card cs-card border-radius image-icon medium bg-transparent\"><div class=\"cs-card-image-blocker\"><\/div><div class=\"cs-card-image\" style=\"background-image:url(https:\/\/casalead.onyx.casasoft.ch\/wp-content\/themes\/cs_onyx\/assets\/img\/address.svg)\"><\/div><div class=\"cs-card-content\">\n<div class=\"wp-block-casasoft-blocks-heading cs-heading\"><div class=\"cs-supertitle\"> <\/div><h3>Adresse<\/h3><\/div>\n\n\n\n<p class=\"wp-block-casasoft-blocks-text text-small\">Real Estate Thun AG<br>Thurgauerstrasse 26<br>3600 Thun<\/p>\n<\/div><\/div>\n<\/div>\n\n\n\n<div class=\"wp-block-column is-layout-flow wp-block-column-is-layout-flow\">\n<div class=\"wp-block-casasoft-blocks-card cs-card border-radius image-icon medium bg-transparent\"><div class=\"cs-card-image-blocker\"><\/div><div class=\"cs-card-image\" style=\"background-image:url(https:\/\/casalead.onyx.casasoft.ch\/wp-content\/themes\/cs_onyx\/assets\/img\/house.svg)\"><\/div><div class=\"cs-card-content\">\n<div class=\"wp-block-casasoft-blocks-heading cs-heading\"><div class=\"cs-supertitle\"> <\/div><h3>Contact<\/h3><\/div>\n\n\n\n<p class=\"wp-block-casasoft-blocks-text text-small\">T <a class=\"btn-link\" href=\"tel:+41716869494\">+41 71 686 94 94<\/a><br><a class=\"btn-link\" href=\"mailto:info@realestate.ch\">info@realestate.ch<\/a><br><a class=\"btn-link\" href=\"https:\/\/casalead.onyx.casasoft.ch\/fr\/\" target=\"_blank\">casalead.onyx.casasoft.ch<\/a><\/p>\n<\/div><\/div>\n<\/div>\n\n\n\n<div class=\"wp-block-column is-layout-flow wp-block-column-is-layout-flow\">\n<div class=\"wp-block-casasoft-blocks-card cs-card border-radius image-icon medium bg-transparent\"><div class=\"cs-card-image-blocker\"><\/div><div class=\"cs-card-image\" style=\"background-image:url(https:\/\/casalead.onyx.casasoft.ch\/wp-content\/themes\/cs_onyx\/assets\/img\/time.svg)\"><\/div><div class=\"cs-card-content\">\n<div class=\"wp-block-casasoft-blocks-heading cs-heading\"><div class=\"cs-supertitle\"> <\/div><h3>Heures d&rsquo;ouverture<\/h3><\/div>\n\n\n\n<p class=\"wp-block-casasoft-blocks-text text-small\">Lundi &#8211; vendredi<br>08:30 &#8211; 12:00<br>13:30 &#8211; 17:00<\/p>\n<\/div><\/div>\n<\/div>\n<\/div>\n<\/div><\/div>\n\n\n\n<div class=\"wp-block-casasoft-blocks-container spacer-top-large spacer-bottom-large bg-white\"><div class=\"container\">\n<div class=\"wp-block-columns is-layout-flex wp-container-core-columns-is-layout-28f84493 wp-block-columns-is-layout-flex\">\n<div class=\"wp-block-column is-layout-flow wp-block-column-is-layout-flow\" style=\"flex-basis:16%\"><\/div>\n\n\n\n<div class=\"wp-block-column is-layout-flow wp-block-column-is-layout-flow\">\n<div class=\"wp-block-casasoft-blocks-heading cs-heading\"><div class=\"cs-supertitle\"><strong>Formulaire de contact<\/strong><\/div><h2>Vous avez des questions ?<\/h2><\/div>\n\n\n\n    \n    \n\n    <form action=\"https&#x3A;&#x2F;&#x2F;casalead.onyx.casasoft.ch&#x2F;fr&#x2F;contact&#x2F;&#x23;casawpPropertyContactForm\" method=\"POST\" name=\"contact\" id=\"casawpPropertyContactForm\" class=\"casawp-contactform-form\">    <input type=\"hidden\" name=\"form_id\" value=\"normal\">    <input type=\"hidden\" id=\"_wpnonce\" name=\"_wpnonce\" value=\"bd286d26ce\" \/><input type=\"hidden\" name=\"_wp_http_referer\" value=\"\/fr\/wp-json\/wp\/v2\/pages\/7017\" \/>    <input id=\"theApsoluteRealEmailField\" type=\"text\" name=\"email\" value=\"\" placeholder=\"NlChT8 AuSf$lLeN\">\n\n    <div class=\"form-radios\">\n        \n<div class=\"form-group  \">\n    <label><input type=\"radio\" name=\"gender\" class=\"form-control&#x20;casawp-form-control&#x20;\" id=\"contactFormgender\" value=\"2\" checked=\"checked\">Madame<\/label><label><input type=\"radio\" name=\"gender\" class=\"form-control&#x20;casawp-form-control&#x20;\" value=\"1\">Monsieur<\/label>    <label for=\"contactFormgender\" class=\"control-label\">Titre<\/label>\n    <\/div>    <\/div>\n    <div class=\"row\">\n        <div class=\"col-lg-6\">\n            \n<div class=\"form-group is-required \">\n    <input type=\"text\" name=\"firstname\" required=\"required\" class=\"form-control&#x20;casawp-form-control&#x20;\" id=\"contactFormfirstname\" value=\"\">    <label for=\"contactFormfirstname\" class=\"control-label\">Pr\u00e9nom<\/label>\n    <\/div>        <\/div>\n        <div class=\"col-lg-6\">\n            \n<div class=\"form-group is-required \">\n    <input type=\"text\" name=\"lastname\" required=\"required\" class=\"form-control&#x20;casawp-form-control&#x20;\" id=\"contactFormlastname\" value=\"\">    <label for=\"contactFormlastname\" class=\"control-label\">Nom<\/label>\n    <\/div>        <\/div>\n    <\/div>\n    \n<div class=\"form-group is-required \">\n    <input type=\"text\" name=\"street\" required=\"required\" class=\"form-control&#x20;casawp-form-control&#x20;\" id=\"contactFormstreet\" value=\"\">    <label for=\"contactFormstreet\" class=\"control-label\">Rue<\/label>\n    <\/div>    <div class=\"row\">\n        <div class=\"col-lg-6\">\n            \n<div class=\"form-group is-required \">\n    <input type=\"text\" name=\"postal_code\" required=\"required\" class=\"form-control&#x20;casawp-form-control&#x20;\" id=\"contactFormpostal_code\" value=\"\">    <label for=\"contactFormpostal_code\" class=\"control-label\">Code postal<\/label>\n    <\/div>        <\/div>\n        <div class=\"col-lg-6\">\n            \n<div class=\"form-group is-required \">\n    <input type=\"text\" name=\"locality\" required=\"required\" class=\"form-control&#x20;casawp-form-control&#x20;\" id=\"contactFormlocality\" value=\"\">    <label for=\"contactFormlocality\" class=\"control-label\">Localit\u00e9<\/label>\n    <\/div>        <\/div>\n    <\/div>\n    <div class=\"select-wrapper\">\n        \n<div class=\"form-group  \">\n    <select name=\"country\" class=\"form-control&#x20;casawp-form-control&#x20;\" id=\"contactFormcountry\"><option value=\"CH\">Suisse<\/option>\n<option value=\"AL\">Albanie<\/option>\n<option value=\"DE\">Allemagne<\/option>\n<option value=\"AD\">Andorre<\/option>\n<option value=\"AT\">Autriche<\/option>\n<option value=\"BE\">Belgique<\/option>\n<option value=\"BA\">Bosnie-Herz\u00e9govine<\/option>\n<option value=\"BG\">Bulgarie<\/option>\n<option value=\"BY\">B\u00e9larus<\/option>\n<option value=\"CY\">Chypre<\/option>\n<option value=\"HR\">Croatie<\/option>\n<option value=\"DK\">Danemark<\/option>\n<option value=\"ES\">Espagne<\/option>\n<option value=\"EE\">Estonie<\/option>\n<option value=\"FI\">Finlande<\/option>\n<option value=\"FR\">France<\/option>\n<option value=\"GI\">Gibraltar<\/option>\n<option value=\"GR\">Gr\u00e8ce<\/option>\n<option value=\"HU\">Hongrie<\/option>\n<option value=\"IE\">Irlande<\/option>\n<option value=\"IS\">Islande<\/option>\n<option value=\"IT\">Italie<\/option>\n<option value=\"IM\">\u00cele de Man<\/option>\n<option value=\"FO\">\u00celes F\u00e9ro\u00e9<\/option>\n<option value=\"LV\">Lettonie<\/option>\n<option value=\"LI\">Liechtenstein<\/option>\n<option value=\"LT\">Lituanie<\/option>\n<option value=\"LU\">Luxembourg<\/option>\n<option value=\"MK\">Mac\u00e9doine<\/option>\n<option value=\"MT\">Malte<\/option>\n<option value=\"MD\">Moldavie<\/option>\n<option value=\"MC\">Monaco<\/option>\n<option value=\"ME\">Mont\u00e9n\u00e9gro<\/option>\n<option value=\"NO\">Norv\u00e8ge<\/option>\n<option value=\"NL\">Pays-Bas<\/option>\n<option value=\"PL\">Pologne<\/option>\n<option value=\"PT\">Portugal<\/option>\n<option value=\"RO\">Roumanie<\/option>\n<option value=\"GB\">Royaume-Uni<\/option>\n<option value=\"RU\">Russie<\/option>\n<option value=\"CZ\">R\u00e9publique tch\u00e8que<\/option>\n<option value=\"SM\">Saint-Marin<\/option>\n<option value=\"RS\">Serbie<\/option>\n<option value=\"SK\">Slovaquie<\/option>\n<option value=\"SI\">Slov\u00e9nie<\/option>\n<option value=\"SE\">Su\u00e8de<\/option>\n<option value=\"UA\">Ukraine<\/option>\n<option value=\"VA\">Vatican<\/option>\n<option value=\"AE\">\u00c9mirats arabes unis<\/option>\n<option value=\"other\">Autre<\/option><\/select>    <label for=\"contactFormcountry\" class=\"control-label\">Pays<\/label>\n    <\/div>    <\/div>\n    \n<div class=\"form-group is-required \">\n    <input type=\"text\" name=\"phone\" required=\"required\" class=\"form-control&#x20;casawp-form-control&#x20;\" id=\"contactFormphone\" value=\"\">    <label for=\"contactFormphone\" class=\"control-label\">T\u00e9l\u00e9phone<\/label>\n    <\/div>    \n<div class=\"form-group is-required \">\n    <input type=\"text\" name=\"emailreal\" required=\"required\" class=\"form-control&#x20;casawp-form-control&#x20;\" id=\"contactFormemailreal\" value=\"\">    <label for=\"contactFormemailreal\" class=\"control-label\">E-mail<\/label>\n    <\/div>        \n<div class=\"form-group is-required \">\n    <textarea name=\"message\" rows=\"3\" required=\"required\" class=\"form-control&#x20;casawp-form-control&#x20;\" id=\"contactFormmessage\"><\/textarea>    <label for=\"contactFormmessage\" class=\"control-label\">Message<\/label>\n    <\/div>\n                    <div class=\"row\">\n            <div class=\"col-12\">\n                <div class=\"form-checkbox\">\n                    <div class=\"form-group is-required\">\n                        <input type=\"checkbox\" name=\"extra_data[Conditions d\u2019utilisation:]\" required=\"required\" class=\"form-control casawp-form-control \" id=\"contactFormdataprotection\" value=\"Accepter les conditions g\u00e9n\u00e9rales\">\n                        <span class=\"checkmark\"><\/span>\n                        <label for=\"contactFormdataprotection\" class=\"control-label\">\n                            J&rsquo;accepte d&rsquo;\u00eatre contact\u00e9 \u00e0 l&rsquo;avenir par t\u00e9l\u00e9phone et par e-mail et de recevoir des informations. Vous trouverez de plus amples informations, notamment sur votre droit de r\u00e9tractation, dans notre <a class=\"cs-anchor-link cs-anchor-link--plain\" href=\"https:\/\/casalead.onyx.casasoft.ch\/fr\/datenschutz\/\" target=\"_blank\" rel=\"noopener noreferrer\">politique de confidentialit\u00e9<\/a>.                        <\/label>\n                    <\/div>\n                <\/div>\n            <\/div>\n        <\/div>\n    \n            <div class=\"g-recaptcha-v3\" data-sitekey=\"6LfbmHcjAAAAAHUc0JHXOhGA-a7msjv80vZCZ2tj\"><\/div>\n        <script src=\"https:\/\/www.google.com\/recaptcha\/api.js?render=6LfbmHcjAAAAAHUc0JHXOhGA-a7msjv80vZCZ2tj\"><\/script>\n        <input type=\"hidden\" id=\"gRecaptchaResponse\" name=\"g-recaptcha-response\">\n        <script>\n            window.captchaKey = '6LfbmHcjAAAAAHUc0JHXOhGA-a7msjv80vZCZ2tj';\n        <\/script>\n        <script>\n            var form = document.getElementById(\"casawpPropertyContactForm\");\n\n            form.addEventListener('submit', event => {\n                event.preventDefault();\n                validate(form);\n            });\n\n            function validate(form) {\n                getRecaptchaToken(form);\n            }\n\n            function getRecaptchaToken(form) {\n                grecaptcha.ready(function() {\n                    grecaptcha.execute(window.captchaKey, {\n                        action: 'casawpPropertyContactForm'\n                    }).then(function(token) {\n                        document.getElementById('gRecaptchaResponse').value = token; \/\/ set the value of the hidden field\n                        form.submit(); \/\/ submit the form\n                    });\n                });\n            }\n        <\/script>\n\n    \n    <div class=\"row\">\n        <div class=\"col-lg-6\">\n\n        <\/div>\n        <div class=\"col-lg-6\">\n            <div class=\"d-flex justify-content-end\">\n                <button type=\"submit\" class=\"casawp-contactform-send btn btn-primary\">\n                    Envoyer                <\/button>\n            <\/div>           \n        <\/div>\n        <div class=\"clearBoth\"><\/div>\n    <\/div>\n\n    \n    <\/form>\n<\/div>\n\n\n\n<div class=\"wp-block-column is-layout-flow wp-block-column-is-layout-flow\" style=\"flex-basis:16%\"><\/div>\n<\/div>\n<\/div><\/div>\n","protected":false},"excerpt":{"rendered":"","protected":false},"author":1,"featured_media":0,"parent":0,"menu_order":0,"comment_status":"closed","ping_status":"closed","template":"","meta":{"_acf_changed":false,"inline_featured_image":false,"footnotes":""},"class_list":["post-7017","page","type-page","status-publish","hentry"],"acf":[],"yoast_head":"<!-- This site is optimized with the Yoast SEO plugin v27.3 - https:\/\/yoast.com\/product\/yoast-seo-wordpress\/ -->\n<title>Contact - Onyx CASALEAD<\/title>\n<meta name=\"robots\" content=\"noindex, follow, max-snippet:-1, max-image-preview:large, max-video-preview:-1\" \/>\n<meta property=\"og:locale\" content=\"fr_FR\" \/>\n<meta property=\"og:type\" content=\"article\" \/>\n<meta property=\"og:title\" content=\"Contact - Onyx CASALEAD\" \/>\n<meta property=\"og:url\" content=\"https:\/\/casalead.onyx.casasoft.ch\/fr\/contact\/\" \/>\n<meta property=\"og:site_name\" content=\"Onyx CASALEAD\" \/>\n<meta property=\"article:modified_time\" content=\"2025-02-06T15:30:42+00:00\" \/>\n<meta property=\"og:image\" content=\"https:\/\/casalead.onyx.casasoft.ch\/wp-content\/themes\/cs_onyx\/assets\/img\/example.jpg\" \/>\n<meta name=\"twitter:card\" content=\"summary_large_image\" \/>\n<meta name=\"twitter:label1\" content=\"Dur\u00e9e de lecture estim\u00e9e\" \/>\n\t<meta name=\"twitter:data1\" content=\"1 minute\" \/>\n<script type=\"application\/ld+json\" class=\"yoast-schema-graph\">{\"@context\":\"https:\\\/\\\/schema.org\",\"@graph\":[{\"@type\":\"WebPage\",\"@id\":\"https:\\\/\\\/casalead.onyx.casasoft.ch\\\/fr\\\/contact\\\/\",\"url\":\"https:\\\/\\\/casalead.onyx.casasoft.ch\\\/fr\\\/contact\\\/\",\"name\":\"Contact - Onyx CASALEAD\",\"isPartOf\":{\"@id\":\"https:\\\/\\\/casalead.onyx.casasoft.ch\\\/fr\\\/#website\"},\"primaryImageOfPage\":{\"@id\":\"https:\\\/\\\/casalead.onyx.casasoft.ch\\\/fr\\\/contact\\\/#primaryimage\"},\"image\":{\"@id\":\"https:\\\/\\\/casalead.onyx.casasoft.ch\\\/fr\\\/contact\\\/#primaryimage\"},\"thumbnailUrl\":\"https:\\\/\\\/casalead.onyx.casasoft.ch\\\/wp-content\\\/themes\\\/cs_onyx\\\/assets\\\/img\\\/example.jpg\",\"datePublished\":\"2025-01-27T09:21:37+00:00\",\"dateModified\":\"2025-02-06T15:30:42+00:00\",\"breadcrumb\":{\"@id\":\"https:\\\/\\\/casalead.onyx.casasoft.ch\\\/fr\\\/contact\\\/#breadcrumb\"},\"inLanguage\":\"fr-FR\",\"potentialAction\":[{\"@type\":\"ReadAction\",\"target\":[\"https:\\\/\\\/casalead.onyx.casasoft.ch\\\/fr\\\/contact\\\/\"]}]},{\"@type\":\"ImageObject\",\"inLanguage\":\"fr-FR\",\"@id\":\"https:\\\/\\\/casalead.onyx.casasoft.ch\\\/fr\\\/contact\\\/#primaryimage\",\"url\":\"https:\\\/\\\/casalead.onyx.casasoft.ch\\\/wp-content\\\/themes\\\/cs_onyx\\\/assets\\\/img\\\/example.jpg\",\"contentUrl\":\"https:\\\/\\\/casalead.onyx.casasoft.ch\\\/wp-content\\\/themes\\\/cs_onyx\\\/assets\\\/img\\\/example.jpg\"},{\"@type\":\"BreadcrumbList\",\"@id\":\"https:\\\/\\\/casalead.onyx.casasoft.ch\\\/fr\\\/contact\\\/#breadcrumb\",\"itemListElement\":[{\"@type\":\"ListItem\",\"position\":1,\"name\":\"Startseite\",\"item\":\"https:\\\/\\\/casalead.onyx.casasoft.ch\\\/fr\\\/\"},{\"@type\":\"ListItem\",\"position\":2,\"name\":\"Contact\"}]},{\"@type\":\"WebSite\",\"@id\":\"https:\\\/\\\/casalead.onyx.casasoft.ch\\\/fr\\\/#website\",\"url\":\"https:\\\/\\\/casalead.onyx.casasoft.ch\\\/fr\\\/\",\"name\":\"CASAWEB Onyx Demo\",\"description\":\"\",\"publisher\":{\"@id\":\"https:\\\/\\\/casalead.onyx.casasoft.ch\\\/fr\\\/#organization\"},\"potentialAction\":[{\"@type\":\"SearchAction\",\"target\":{\"@type\":\"EntryPoint\",\"urlTemplate\":\"https:\\\/\\\/casalead.onyx.casasoft.ch\\\/fr\\\/?s={search_term_string}\"},\"query-input\":{\"@type\":\"PropertyValueSpecification\",\"valueRequired\":true,\"valueName\":\"search_term_string\"}}],\"inLanguage\":\"fr-FR\"},{\"@type\":\"Organization\",\"@id\":\"https:\\\/\\\/casalead.onyx.casasoft.ch\\\/fr\\\/#organization\",\"name\":\"CASAWEB Onyx Demo\",\"url\":\"https:\\\/\\\/casalead.onyx.casasoft.ch\\\/fr\\\/\",\"logo\":{\"@type\":\"ImageObject\",\"inLanguage\":\"fr-FR\",\"@id\":\"https:\\\/\\\/casalead.onyx.casasoft.ch\\\/fr\\\/#\\\/schema\\\/logo\\\/image\\\/\",\"url\":\"https:\\\/\\\/casalead.onyx.casasoft.ch\\\/wp-content\\\/uploads\\\/sites\\\/10\\\/2024\\\/12\\\/logo.svg\",\"contentUrl\":\"https:\\\/\\\/casalead.onyx.casasoft.ch\\\/wp-content\\\/uploads\\\/sites\\\/10\\\/2024\\\/12\\\/logo.svg\",\"width\":1,\"height\":1,\"caption\":\"CASAWEB Onyx Demo\"},\"image\":{\"@id\":\"https:\\\/\\\/casalead.onyx.casasoft.ch\\\/fr\\\/#\\\/schema\\\/logo\\\/image\\\/\"}}]}<\/script>\n<!-- \/ Yoast SEO plugin. -->","yoast_head_json":{"title":"Contact - Onyx CASALEAD","robots":{"index":"noindex","follow":"follow","max-snippet":"max-snippet:-1","max-image-preview":"max-image-preview:large","max-video-preview":"max-video-preview:-1"},"og_locale":"fr_FR","og_type":"article","og_title":"Contact - Onyx CASALEAD","og_url":"https:\/\/casalead.onyx.casasoft.ch\/fr\/contact\/","og_site_name":"Onyx CASALEAD","article_modified_time":"2025-02-06T15:30:42+00:00","og_image":[{"url":"https:\/\/casalead.onyx.casasoft.ch\/wp-content\/themes\/cs_onyx\/assets\/img\/example.jpg","type":"","width":"","height":""}],"twitter_card":"summary_large_image","twitter_misc":{"Dur\u00e9e de lecture estim\u00e9e":"1 minute"},"schema":{"@context":"https:\/\/schema.org","@graph":[{"@type":"WebPage","@id":"https:\/\/casalead.onyx.casasoft.ch\/fr\/contact\/","url":"https:\/\/casalead.onyx.casasoft.ch\/fr\/contact\/","name":"Contact - Onyx CASALEAD","isPartOf":{"@id":"https:\/\/casalead.onyx.casasoft.ch\/fr\/#website"},"primaryImageOfPage":{"@id":"https:\/\/casalead.onyx.casasoft.ch\/fr\/contact\/#primaryimage"},"image":{"@id":"https:\/\/casalead.onyx.casasoft.ch\/fr\/contact\/#primaryimage"},"thumbnailUrl":"https:\/\/casalead.onyx.casasoft.ch\/wp-content\/themes\/cs_onyx\/assets\/img\/example.jpg","datePublished":"2025-01-27T09:21:37+00:00","dateModified":"2025-02-06T15:30:42+00:00","breadcrumb":{"@id":"https:\/\/casalead.onyx.casasoft.ch\/fr\/contact\/#breadcrumb"},"inLanguage":"fr-FR","potentialAction":[{"@type":"ReadAction","target":["https:\/\/casalead.onyx.casasoft.ch\/fr\/contact\/"]}]},{"@type":"ImageObject","inLanguage":"fr-FR","@id":"https:\/\/casalead.onyx.casasoft.ch\/fr\/contact\/#primaryimage","url":"https:\/\/casalead.onyx.casasoft.ch\/wp-content\/themes\/cs_onyx\/assets\/img\/example.jpg","contentUrl":"https:\/\/casalead.onyx.casasoft.ch\/wp-content\/themes\/cs_onyx\/assets\/img\/example.jpg"},{"@type":"BreadcrumbList","@id":"https:\/\/casalead.onyx.casasoft.ch\/fr\/contact\/#breadcrumb","itemListElement":[{"@type":"ListItem","position":1,"name":"Startseite","item":"https:\/\/casalead.onyx.casasoft.ch\/fr\/"},{"@type":"ListItem","position":2,"name":"Contact"}]},{"@type":"WebSite","@id":"https:\/\/casalead.onyx.casasoft.ch\/fr\/#website","url":"https:\/\/casalead.onyx.casasoft.ch\/fr\/","name":"CASAWEB Onyx Demo","description":"","publisher":{"@id":"https:\/\/casalead.onyx.casasoft.ch\/fr\/#organization"},"potentialAction":[{"@type":"SearchAction","target":{"@type":"EntryPoint","urlTemplate":"https:\/\/casalead.onyx.casasoft.ch\/fr\/?s={search_term_string}"},"query-input":{"@type":"PropertyValueSpecification","valueRequired":true,"valueName":"search_term_string"}}],"inLanguage":"fr-FR"},{"@type":"Organization","@id":"https:\/\/casalead.onyx.casasoft.ch\/fr\/#organization","name":"CASAWEB Onyx Demo","url":"https:\/\/casalead.onyx.casasoft.ch\/fr\/","logo":{"@type":"ImageObject","inLanguage":"fr-FR","@id":"https:\/\/casalead.onyx.casasoft.ch\/fr\/#\/schema\/logo\/image\/","url":"https:\/\/casalead.onyx.casasoft.ch\/wp-content\/uploads\/sites\/10\/2024\/12\/logo.svg","contentUrl":"https:\/\/casalead.onyx.casasoft.ch\/wp-content\/uploads\/sites\/10\/2024\/12\/logo.svg","width":1,"height":1,"caption":"CASAWEB Onyx Demo"},"image":{"@id":"https:\/\/casalead.onyx.casasoft.ch\/fr\/#\/schema\/logo\/image\/"}}]}},"_links":{"self":[{"href":"https:\/\/casalead.onyx.casasoft.ch\/fr\/wp-json\/wp\/v2\/pages\/7017","targetHints":{"allow":["GET"]}}],"collection":[{"href":"https:\/\/casalead.onyx.casasoft.ch\/fr\/wp-json\/wp\/v2\/pages"}],"about":[{"href":"https:\/\/casalead.onyx.casasoft.ch\/fr\/wp-json\/wp\/v2\/types\/page"}],"author":[{"embeddable":true,"href":"https:\/\/casalead.onyx.casasoft.ch\/fr\/wp-json\/wp\/v2\/users\/1"}],"replies":[{"embeddable":true,"href":"https:\/\/casalead.onyx.casasoft.ch\/fr\/wp-json\/wp\/v2\/comments?post=7017"}],"version-history":[{"count":0,"href":"https:\/\/casalead.onyx.casasoft.ch\/fr\/wp-json\/wp\/v2\/pages\/7017\/revisions"}],"wp:attachment":[{"href":"https:\/\/casalead.onyx.casasoft.ch\/fr\/wp-json\/wp\/v2\/media?parent=7017"}],"curies":[{"name":"wp","href":"https:\/\/api.w.org\/{rel}","templated":true}]}}