{"id":7081,"date":"2025-01-27T10:21:08","date_gmt":"2025-01-27T09:21:08","guid":{"rendered":"https:\/\/casalead.onyx.casasoft.ch\/ueber-uns\/"},"modified":"2025-02-07T10:36:30","modified_gmt":"2025-02-07T09:36:30","slug":"a-propos-de-nous","status":"publish","type":"page","link":"https:\/\/casalead.onyx.casasoft.ch\/fr\/a-propos-de-nous\/","title":{"rendered":"\u00c0 propos de nous"},"content":{"rendered":"\n<div class=\"wp-block-casasoft-blocks-container  bg-white align-items-lg-center cs-hero\"><div class=\"container\">\n<div class=\"wp-block-columns is-layout-flex wp-container-core-columns-is-layout-28f84493 wp-block-columns-is-layout-flex\">\n<div class=\"wp-block-column is-layout-flow wp-block-column-is-layout-flow\">\n<div class=\"wp-block-casasoft-blocks-card cs-card border-radius  large bg-white\"><div class=\"cs-card-content\">\n<div class=\"wp-block-casasoft-blocks-heading cs-heading\"><div class=\"cs-supertitle\">Apprenez \u00e0 nous conna\u00eetre<\/div><h1>Ce qui caract\u00e9rise l&rsquo;onyx<\/h1><\/div>\n<\/div><\/div>\n<\/div>\n\n\n\n<div class=\"wp-block-column is-layout-flow wp-block-column-is-layout-flow\">\n<div class=\"wp-block-casasoft-blocks-image  border-radius hero-image\"><img decoding=\"async\" src=\"http:\/\/casalead.onyx.casasoft.ch\/wp-content\/uploads\/sites\/10\/2024\/12\/AdobeStock_318601691_Preview.jpeg\" alt=\"\" class=\"cs-image img-fluid semi-portrait hd\"\/><\/div>\n<\/div>\n<\/div>\n<\/div><\/div>\n\n\n\n<div class=\"wp-block-casasoft-blocks-container spacer-top-large spacer-bottom-large bg-primary\"><div class=\"container\">\n<div class=\"wp-block-casasoft-blocks-heading cs-heading\"><div class=\"cs-supertitle\">Un investissement qui rapporte.<\/div><h2>Vous pouvez compter sur notre exp\u00e9rience<\/h2><\/div>\n\n\n\n<div class=\"wp-block-columns is-layout-flex wp-container-core-columns-is-layout-28f84493 wp-block-columns-is-layout-flex\">\n<div class=\"wp-block-column is-layout-flow wp-block-column-is-layout-flow\">\n<p class=\"wp-block-casasoft-blocks-text text-small\">Si vous souhaitez vendre des immeubles de rapport ou des propri\u00e9t\u00e9s par \u00e9tage dans le canton de Thurgovie afin d&rsquo;optimiser votre portefeuille de placements, vous \u00eates \u00e0 la bonne adresse chez Curanova AG. Profitez de notre comp\u00e9tence immobili\u00e8re pour l&rsquo;acquisition d&rsquo;objets de rendement et contactez-nous pour un premier entretien sans engagement.<\/p>\n<\/div>\n\n\n\n<div class=\"wp-block-column is-layout-flow wp-block-column-is-layout-flow\">\n<p class=\"wp-block-casasoft-blocks-text text-small\">Si vous souhaitez vendre des immeubles de rapport ou des propri\u00e9t\u00e9s par \u00e9tage dans le canton de Thurgovie afin d&rsquo;optimiser votre portefeuille de placements, vous \u00eates \u00e0 la bonne adresse chez Curanova AG. Profitez de notre comp\u00e9tence immobili\u00e8re pour l&rsquo;acquisition d&rsquo;objets de rendement et contactez-nous pour un premier entretien sans engagement.<\/p>\n\n\n\n<div class=\"wp-block-casasoft-blocks-flexwrapper d-flex gap-default  flex-lg-row justify-content-end\">\n<div><a class=\"btn btn-primary \" href=\"\/fr\/contact\">En savoir plus<\/a><\/div>\n<\/div>\n<\/div>\n<\/div>\n<\/div><\/div>\n\n\n\n<div class=\"wp-block-casasoft-blocks-image\"><img decoding=\"async\" src=\"https:\/\/casalead.onyx.casasoft.ch\/wp-content\/themes\/cs_onyx\/assets\/img\/example.jpg\" alt=\"Example\" class=\"cs-image img-fluid landscape large\"\/><\/div>\n\n\n\n<div class=\"wp-block-casasoft-blocks-container spacer-top-large spacer-bottom-large bg-white  team-pattern\"><div class=\"container\">\n<div class=\"wp-block-casasoft-blocks-heading cs-heading spacer-bottom-small\"><div class=\"cs-supertitle\">Nous nous pr\u00e9sentons<\/div><h2>De nombreux visages, une seule \u00e9quipe.<\/h2><\/div>\n\n\n        <div class=\"team-posts\">\n                        <div class=\"row\" id=\"teamResults\">\n                                            <div class=\"col-xl-4 col-lg-6 margin-bottom-md\">\n                                <div class=\"team-member\">\n\n    \n    <div class=\"team-member__image-outer margin-bottom-s\">\n                    <div class=\"team-member__image lazyload threetwo\" data-bg=\"https:\/\/casalead.onyx.casasoft.ch\/wp-content\/uploads\/sites\/10\/2025\/02\/woman-smiling-at-the-camera-1181686-1.png\"><\/div>\n            <\/div>                        \n    <div class=\"team-member__inner\">\n        <h3>\n            Barbara Vandergraf        <\/h3>\n                    <div class=\"team-member__position color-silver margin-bottom-sm\">\n                <p>Gesch\u00e4ftsleitung Immobilien<\/p>\n            <\/div>\n                <div class=\"team-member__links d-flex flex-column gap-6 margin-bottom-s\">\n                            <a class=\"cs-anchor-link cs-anchor-link--email\" href=\"mailto:info@casasoft.ch\">\n                                            info@casasoft.ch                                    <\/a>\n                                        <a class=\"cs-anchor-link cs-anchor-link--phone\" href=\"tel:+41716869494\">\n                    +41 71 686 94 94                <\/a>\n                    <\/div>  \n                  \n    <\/div>\n\n    <\/div>                            <\/div>\n                                                    <div class=\"col-xl-4 col-lg-6 margin-bottom-md\">\n                                <div class=\"team-member\">\n\n    \n    <div class=\"team-member__image-outer margin-bottom-s\">\n                    <div class=\"team-member__image lazyload threetwo\" data-bg=\"https:\/\/casalead.onyx.casasoft.ch\/wp-content\/uploads\/sites\/10\/2025\/02\/man-wearing-black-zip-up-jacket-near-beach-smiling-at-the-736716.png\"><\/div>\n            <\/div>                        \n    <div class=\"team-member__inner\">\n        <h3>\n            Stefan M\u00fcller        <\/h3>\n                    <div class=\"team-member__position color-silver margin-bottom-sm\">\n                <p>Gesch\u00e4ftsleitung Treuhand<\/p>\n            <\/div>\n                <div class=\"team-member__links d-flex flex-column gap-6 margin-bottom-s\">\n                            <a class=\"cs-anchor-link cs-anchor-link--email\" href=\"mailto:stefan.mueller@casasoft-template.ch\">\n                                            stefan.mueller@casasoft-template.ch                                    <\/a>\n                                        <a class=\"cs-anchor-link cs-anchor-link--phone\" href=\"tel:+41716869494\">\n                    +41 71 686 94 94                <\/a>\n                    <\/div>  \n                  \n    <\/div>\n\n    <\/div>                            <\/div>\n                                                    <div class=\"col-xl-4 col-lg-6 margin-bottom-md\">\n                                <div class=\"team-member\">\n\n    \n    <div class=\"team-member__image-outer margin-bottom-s\">\n                    <div class=\"team-member__image lazyload threetwo\" data-bg=\"https:\/\/casalead.onyx.casasoft.ch\/wp-content\/uploads\/sites\/10\/2025\/02\/woman-wearing-black-eyeglasses-1239291.png\"><\/div>\n            <\/div>                        \n    <div class=\"team-member__inner\">\n        <h3>\n            Mahika Singh        <\/h3>\n                    <div class=\"team-member__position color-silver margin-bottom-sm\">\n                <p>Bewirtschafterin mit eidg. FA<\/p>\n            <\/div>\n                <div class=\"team-member__links d-flex flex-column gap-6 margin-bottom-s\">\n                            <a class=\"cs-anchor-link cs-anchor-link--email\" href=\"mailto:mahika.singh@casasoft-template.ch\">\n                                            mahika.singh@casasoft-template.ch                                    <\/a>\n                                        <a class=\"cs-anchor-link cs-anchor-link--phone\" href=\"tel:+41716869494\">\n                    +41 71 686 94 94                <\/a>\n                    <\/div>  \n                  \n    <\/div>\n\n    <\/div>                            <\/div>\n                                                    <div class=\"col-xl-4 col-lg-6 margin-bottom-md\">\n                                <div class=\"team-member\">\n\n    \n    <div class=\"team-member__image-outer margin-bottom-s\">\n                    <div class=\"team-member__image lazyload threetwo\" data-bg=\"https:\/\/casalead.onyx.casasoft.ch\/wp-content\/uploads\/sites\/10\/2025\/02\/close-up-photography-of-a-woman-near-wall-1065084.png\"><\/div>\n            <\/div>                        \n    <div class=\"team-member__inner\">\n        <h3>\n            Sarah M\u00fcller        <\/h3>\n                    <div class=\"team-member__position color-silver margin-bottom-sm\">\n                <p>Bewirtschafterin mit eidg. FA<\/p>\n            <\/div>\n                <div class=\"team-member__links d-flex flex-column gap-6 margin-bottom-s\">\n                            <a class=\"cs-anchor-link cs-anchor-link--email\" href=\"mailto:sarah.mueller@casasoft-template.ch\">\n                                            sarah.mueller@casasoft-template.ch                                    <\/a>\n                                        <a class=\"cs-anchor-link cs-anchor-link--phone\" href=\"tel:+41716869494\">\n                    +41 71 686 94 94                <\/a>\n                    <\/div>  \n                  \n    <\/div>\n\n    <\/div>                            <\/div>\n                                                    <div class=\"col-xl-4 col-lg-6 margin-bottom-md\">\n                                <div class=\"team-member\">\n\n    \n    <div class=\"team-member__image-outer margin-bottom-s\">\n                    <div class=\"team-member__thumb-outer\">\n                <div class=\"team-member__image team-member__image--noimg threetwo\">\n                    <svg width=\"100px\" height=\"90px\" viewBox=\"0 0 100 90\" version=\"1.1\" xmlns=\"http:\/\/www.w3.org\/2000\/svg\" xmlns:xlink=\"http:\/\/www.w3.org\/1999\/xlink\">\n                        <g stroke=\"none\" stroke-width=\"1\" fill=\"none\" fill-rule=\"evenodd\">\n                            <g transform=\"translate(0.000000, 1.000000)\" stroke=\"#888\" stroke-width=\"2\">\n                                <path d=\"M0.729166667,87.7109594 C11.192303,81.6439122 22.3222706,76.8078354 33.8970588,73.2991947 C39.0257353,71.3996849 39.5833333,59.6411064 35.9068627,55.5908613 C30.6004902,49.757528 26.1029412,42.9131653 26.1029412,26.3935574 C25.4777216,19.7363137 27.7355354,13.1303234 32.3046404,8.24841052 C36.8737453,3.36649761 43.3159843,0.676815975 50,0.860469188 C56.6840157,0.676815975 63.1262547,3.36649761 67.6953596,8.24841052 C72.2644646,13.1303234 74.5222784,19.7363137 73.8970588,26.3935574 C73.8970588,42.9376751 69.3995098,49.757528 64.0931373,55.5908613 C60.4166667,59.6411064 60.9742647,71.3996849 66.1029412,73.2991947 C77.6777294,76.8078354 88.807697,81.6439122 99.2708333,87.7109594\"><\/path>\n                            <\/g>\n                        <\/g>\n                    <\/svg>\n                <\/div>\n            <\/div>\n            <\/div>                        \n    <div class=\"team-member__inner\">\n        <h3>\n            Ramon Bachmann        <\/h3>\n                    <div class=\"team-member__position color-silver margin-bottom-sm\">\n                <p>Treuh\u00e4nder mit eidg. FA<\/p>\n            <\/div>\n                <div class=\"team-member__links d-flex flex-column gap-6 margin-bottom-s\">\n                            <a class=\"cs-anchor-link cs-anchor-link--email\" href=\"mailto:ramon.bachmann@casasoft-template.ch\">\n                                            ramon.bachmann@casasoft-template.ch                                    <\/a>\n                                        <a class=\"cs-anchor-link cs-anchor-link--phone\" href=\"tel:+41716869494\">\n                    +41 71 686 94 94                <\/a>\n                    <\/div>  \n                  \n    <\/div>\n\n    <\/div>                            <\/div>\n                                    <\/div>\n            <div id=\"spinnerResults\" class=\"spinner-outer d-none\">\n                <svg class=\"spinner\" viewBox=\"0 0 50 50\">\n                    <circle class=\"path\" cx=\"25\" cy=\"25\" r=\"20\" fill=\"none\" stroke-width=\"5\"><\/circle>\n                <\/svg>\n            <\/div>\n        <\/div>\n        <script>\n        var posts_team = {\"post_type\":\"team\",\"ignore_sticky_posts\":true,\"post_status\":\"publish\",\"posts_per_page\":\"-1\",\"order\":\"asc\",\"orderby\":\"menu_order\"},\n            posts_category = '',\n            current_lang = 'fr',\n            team_columns = 3;\n    <\/script>\n    <\/div><\/div>\n\n\n\n<div class=\"wp-block-casasoft-blocks-container spacer-top-large spacer-bottom-large bg-light  cs-cards-container\"><div class=\"container\">\n<div class=\"wp-block-casasoft-blocks-heading cs-heading\"><div class=\"cs-supertitle\">Trois bonnes raisons<\/div><h2>Pourquoi Onyx Real Estate ?<\/h2><\/div>\n\n\n\n<div class=\"wp-block-columns is-layout-flex wp-container-core-columns-is-layout-28f84493 wp-block-columns-is-layout-flex\">\n<div class=\"wp-block-column is-layout-flow wp-block-column-is-layout-flow\">\n<div class=\"wp-block-casasoft-blocks-card cs-card border-radius image-icon medium bg-white\"><div class=\"cs-card-image-blocker\"><\/div><div class=\"cs-card-image\" style=\"background-image:url(https:\/\/casalead.onyx.casasoft.ch\/wp-content\/themes\/cs_onyx\/assets\/img\/example.svg)\"><\/div><div class=\"cs-card-content\">\n<div class=\"wp-block-casasoft-blocks-heading cs-heading\"><div class=\"cs-supertitle\"> <\/div><h3>Lorem ipsum dolor sit amet<\/h3><\/div>\n\n\n\n<p class=\"wp-block-casasoft-blocks-text text-small\">Lorem ipsum dolor sit amet, consetetur sadipscing elitr, sed diam nonumy eirmod tempor invidunt ut labore et dolore magna aliquyam erat, sed diam voluptua.<\/p>\n<\/div><\/div>\n<\/div>\n\n\n\n<div class=\"wp-block-column is-layout-flow wp-block-column-is-layout-flow\">\n<div class=\"wp-block-casasoft-blocks-card cs-card border-radius image-icon medium bg-white\"><div class=\"cs-card-image-blocker\"><\/div><div class=\"cs-card-image\" style=\"background-image:url(http:\/\/casalead.onyx.casasoft.ch\/wp-content\/uploads\/sites\/10\/2025\/01\/Frame.svg)\"><\/div><div class=\"cs-card-content\">\n<div class=\"wp-block-casasoft-blocks-heading cs-heading\"><div class=\"cs-supertitle\"> <\/div><h3>Lorem ipsum dolor sit amet<\/h3><\/div>\n\n\n\n<p class=\"wp-block-casasoft-blocks-text text-small\">Lorem ipsum dolor sit amet, consetetur sadipscing elitr, sed diam nonumy eirmod tempor invidunt ut labore et dolore magna aliquyam erat, sed diam voluptua.<\/p>\n<\/div><\/div>\n<\/div>\n\n\n\n<div class=\"wp-block-column is-layout-flow wp-block-column-is-layout-flow\">\n<div class=\"wp-block-casasoft-blocks-card cs-card border-radius image-icon medium bg-white\"><div class=\"cs-card-image-blocker\"><\/div><div class=\"cs-card-image\" style=\"background-image:url(http:\/\/casalead.onyx.casasoft.ch\/wp-content\/uploads\/sites\/10\/2025\/01\/Frame-1.svg)\"><\/div><div class=\"cs-card-content\">\n<div class=\"wp-block-casasoft-blocks-heading cs-heading\"><div class=\"cs-supertitle\"> <\/div><h3>Lorem ipsum dolor sit amet<\/h3><\/div>\n\n\n\n<p class=\"wp-block-casasoft-blocks-text text-small\">Lorem ipsum dolor sit amet, consetetur sadipscing elitr, sed diam nonumy eirmod tempor invidunt ut labore et dolore magna aliquyam erat, sed diam voluptua.<\/p>\n<\/div><\/div>\n<\/div>\n<\/div>\n<\/div><\/div>\n","protected":false},"excerpt":{"rendered":"","protected":false},"author":1,"featured_media":0,"parent":0,"menu_order":0,"comment_status":"closed","ping_status":"closed","template":"","meta":{"_acf_changed":false,"inline_featured_image":false,"footnotes":""},"class_list":["post-7081","page","type-page","status-publish","hentry"],"acf":[],"yoast_head":"<!-- This site is optimized with the Yoast SEO plugin v27.3 - https:\/\/yoast.com\/product\/yoast-seo-wordpress\/ -->\n<title>\u00c0 propos de nous - Onyx CASALEAD<\/title>\n<meta name=\"robots\" content=\"noindex, follow, max-snippet:-1, max-image-preview:large, max-video-preview:-1\" \/>\n<meta property=\"og:locale\" content=\"fr_FR\" \/>\n<meta property=\"og:type\" content=\"article\" \/>\n<meta property=\"og:title\" content=\"\u00c0 propos de nous - Onyx CASALEAD\" \/>\n<meta property=\"og:url\" content=\"https:\/\/casalead.onyx.casasoft.ch\/fr\/a-propos-de-nous\/\" \/>\n<meta property=\"og:site_name\" content=\"Onyx CASALEAD\" \/>\n<meta property=\"article:modified_time\" content=\"2025-02-07T09:36:30+00:00\" \/>\n<meta property=\"og:image\" content=\"http:\/\/casalead.onyx.casasoft.ch\/wp-content\/uploads\/sites\/10\/2024\/12\/AdobeStock_318601691_Preview.jpeg\" \/>\n<meta name=\"twitter:card\" content=\"summary_large_image\" \/>\n<meta name=\"twitter:label1\" content=\"Dur\u00e9e de lecture estim\u00e9e\" \/>\n\t<meta name=\"twitter:data1\" content=\"2 minutes\" \/>\n<script type=\"application\/ld+json\" class=\"yoast-schema-graph\">{\"@context\":\"https:\\\/\\\/schema.org\",\"@graph\":[{\"@type\":\"WebPage\",\"@id\":\"https:\\\/\\\/casalead.onyx.casasoft.ch\\\/fr\\\/a-propos-de-nous\\\/\",\"url\":\"https:\\\/\\\/casalead.onyx.casasoft.ch\\\/fr\\\/a-propos-de-nous\\\/\",\"name\":\"\u00c0 propos de nous - Onyx CASALEAD\",\"isPartOf\":{\"@id\":\"https:\\\/\\\/casalead.onyx.casasoft.ch\\\/fr\\\/#website\"},\"primaryImageOfPage\":{\"@id\":\"https:\\\/\\\/casalead.onyx.casasoft.ch\\\/fr\\\/a-propos-de-nous\\\/#primaryimage\"},\"image\":{\"@id\":\"https:\\\/\\\/casalead.onyx.casasoft.ch\\\/fr\\\/a-propos-de-nous\\\/#primaryimage\"},\"thumbnailUrl\":\"http:\\\/\\\/casalead.onyx.casasoft.ch\\\/wp-content\\\/uploads\\\/sites\\\/10\\\/2024\\\/12\\\/AdobeStock_318601691_Preview.jpeg\",\"datePublished\":\"2025-01-27T09:21:08+00:00\",\"dateModified\":\"2025-02-07T09:36:30+00:00\",\"breadcrumb\":{\"@id\":\"https:\\\/\\\/casalead.onyx.casasoft.ch\\\/fr\\\/a-propos-de-nous\\\/#breadcrumb\"},\"inLanguage\":\"fr-FR\",\"potentialAction\":[{\"@type\":\"ReadAction\",\"target\":[\"https:\\\/\\\/casalead.onyx.casasoft.ch\\\/fr\\\/a-propos-de-nous\\\/\"]}]},{\"@type\":\"ImageObject\",\"inLanguage\":\"fr-FR\",\"@id\":\"https:\\\/\\\/casalead.onyx.casasoft.ch\\\/fr\\\/a-propos-de-nous\\\/#primaryimage\",\"url\":\"http:\\\/\\\/casalead.onyx.casasoft.ch\\\/wp-content\\\/uploads\\\/sites\\\/10\\\/2024\\\/12\\\/AdobeStock_318601691_Preview.jpeg\",\"contentUrl\":\"http:\\\/\\\/casalead.onyx.casasoft.ch\\\/wp-content\\\/uploads\\\/sites\\\/10\\\/2024\\\/12\\\/AdobeStock_318601691_Preview.jpeg\"},{\"@type\":\"BreadcrumbList\",\"@id\":\"https:\\\/\\\/casalead.onyx.casasoft.ch\\\/fr\\\/a-propos-de-nous\\\/#breadcrumb\",\"itemListElement\":[{\"@type\":\"ListItem\",\"position\":1,\"name\":\"Startseite\",\"item\":\"https:\\\/\\\/casalead.onyx.casasoft.ch\\\/fr\\\/\"},{\"@type\":\"ListItem\",\"position\":2,\"name\":\"\u00c0 propos de nous\"}]},{\"@type\":\"WebSite\",\"@id\":\"https:\\\/\\\/casalead.onyx.casasoft.ch\\\/fr\\\/#website\",\"url\":\"https:\\\/\\\/casalead.onyx.casasoft.ch\\\/fr\\\/\",\"name\":\"CASAWEB Onyx Demo\",\"description\":\"\",\"publisher\":{\"@id\":\"https:\\\/\\\/casalead.onyx.casasoft.ch\\\/fr\\\/#organization\"},\"potentialAction\":[{\"@type\":\"SearchAction\",\"target\":{\"@type\":\"EntryPoint\",\"urlTemplate\":\"https:\\\/\\\/casalead.onyx.casasoft.ch\\\/fr\\\/?s={search_term_string}\"},\"query-input\":{\"@type\":\"PropertyValueSpecification\",\"valueRequired\":true,\"valueName\":\"search_term_string\"}}],\"inLanguage\":\"fr-FR\"},{\"@type\":\"Organization\",\"@id\":\"https:\\\/\\\/casalead.onyx.casasoft.ch\\\/fr\\\/#organization\",\"name\":\"CASAWEB Onyx Demo\",\"url\":\"https:\\\/\\\/casalead.onyx.casasoft.ch\\\/fr\\\/\",\"logo\":{\"@type\":\"ImageObject\",\"inLanguage\":\"fr-FR\",\"@id\":\"https:\\\/\\\/casalead.onyx.casasoft.ch\\\/fr\\\/#\\\/schema\\\/logo\\\/image\\\/\",\"url\":\"https:\\\/\\\/casalead.onyx.casasoft.ch\\\/wp-content\\\/uploads\\\/sites\\\/10\\\/2024\\\/12\\\/logo.svg\",\"contentUrl\":\"https:\\\/\\\/casalead.onyx.casasoft.ch\\\/wp-content\\\/uploads\\\/sites\\\/10\\\/2024\\\/12\\\/logo.svg\",\"width\":1,\"height\":1,\"caption\":\"CASAWEB Onyx Demo\"},\"image\":{\"@id\":\"https:\\\/\\\/casalead.onyx.casasoft.ch\\\/fr\\\/#\\\/schema\\\/logo\\\/image\\\/\"}}]}<\/script>\n<!-- \/ Yoast SEO plugin. -->","yoast_head_json":{"title":"\u00c0 propos de nous - Onyx CASALEAD","robots":{"index":"noindex","follow":"follow","max-snippet":"max-snippet:-1","max-image-preview":"max-image-preview:large","max-video-preview":"max-video-preview:-1"},"og_locale":"fr_FR","og_type":"article","og_title":"\u00c0 propos de nous - Onyx CASALEAD","og_url":"https:\/\/casalead.onyx.casasoft.ch\/fr\/a-propos-de-nous\/","og_site_name":"Onyx CASALEAD","article_modified_time":"2025-02-07T09:36:30+00:00","og_image":[{"url":"http:\/\/casalead.onyx.casasoft.ch\/wp-content\/uploads\/sites\/10\/2024\/12\/AdobeStock_318601691_Preview.jpeg","type":"","width":"","height":""}],"twitter_card":"summary_large_image","twitter_misc":{"Dur\u00e9e de lecture estim\u00e9e":"2 minutes"},"schema":{"@context":"https:\/\/schema.org","@graph":[{"@type":"WebPage","@id":"https:\/\/casalead.onyx.casasoft.ch\/fr\/a-propos-de-nous\/","url":"https:\/\/casalead.onyx.casasoft.ch\/fr\/a-propos-de-nous\/","name":"\u00c0 propos de nous - Onyx CASALEAD","isPartOf":{"@id":"https:\/\/casalead.onyx.casasoft.ch\/fr\/#website"},"primaryImageOfPage":{"@id":"https:\/\/casalead.onyx.casasoft.ch\/fr\/a-propos-de-nous\/#primaryimage"},"image":{"@id":"https:\/\/casalead.onyx.casasoft.ch\/fr\/a-propos-de-nous\/#primaryimage"},"thumbnailUrl":"http:\/\/casalead.onyx.casasoft.ch\/wp-content\/uploads\/sites\/10\/2024\/12\/AdobeStock_318601691_Preview.jpeg","datePublished":"2025-01-27T09:21:08+00:00","dateModified":"2025-02-07T09:36:30+00:00","breadcrumb":{"@id":"https:\/\/casalead.onyx.casasoft.ch\/fr\/a-propos-de-nous\/#breadcrumb"},"inLanguage":"fr-FR","potentialAction":[{"@type":"ReadAction","target":["https:\/\/casalead.onyx.casasoft.ch\/fr\/a-propos-de-nous\/"]}]},{"@type":"ImageObject","inLanguage":"fr-FR","@id":"https:\/\/casalead.onyx.casasoft.ch\/fr\/a-propos-de-nous\/#primaryimage","url":"http:\/\/casalead.onyx.casasoft.ch\/wp-content\/uploads\/sites\/10\/2024\/12\/AdobeStock_318601691_Preview.jpeg","contentUrl":"http:\/\/casalead.onyx.casasoft.ch\/wp-content\/uploads\/sites\/10\/2024\/12\/AdobeStock_318601691_Preview.jpeg"},{"@type":"BreadcrumbList","@id":"https:\/\/casalead.onyx.casasoft.ch\/fr\/a-propos-de-nous\/#breadcrumb","itemListElement":[{"@type":"ListItem","position":1,"name":"Startseite","item":"https:\/\/casalead.onyx.casasoft.ch\/fr\/"},{"@type":"ListItem","position":2,"name":"\u00c0 propos de nous"}]},{"@type":"WebSite","@id":"https:\/\/casalead.onyx.casasoft.ch\/fr\/#website","url":"https:\/\/casalead.onyx.casasoft.ch\/fr\/","name":"CASAWEB Onyx Demo","description":"","publisher":{"@id":"https:\/\/casalead.onyx.casasoft.ch\/fr\/#organization"},"potentialAction":[{"@type":"SearchAction","target":{"@type":"EntryPoint","urlTemplate":"https:\/\/casalead.onyx.casasoft.ch\/fr\/?s={search_term_string}"},"query-input":{"@type":"PropertyValueSpecification","valueRequired":true,"valueName":"search_term_string"}}],"inLanguage":"fr-FR"},{"@type":"Organization","@id":"https:\/\/casalead.onyx.casasoft.ch\/fr\/#organization","name":"CASAWEB Onyx Demo","url":"https:\/\/casalead.onyx.casasoft.ch\/fr\/","logo":{"@type":"ImageObject","inLanguage":"fr-FR","@id":"https:\/\/casalead.onyx.casasoft.ch\/fr\/#\/schema\/logo\/image\/","url":"https:\/\/casalead.onyx.casasoft.ch\/wp-content\/uploads\/sites\/10\/2024\/12\/logo.svg","contentUrl":"https:\/\/casalead.onyx.casasoft.ch\/wp-content\/uploads\/sites\/10\/2024\/12\/logo.svg","width":1,"height":1,"caption":"CASAWEB Onyx Demo"},"image":{"@id":"https:\/\/casalead.onyx.casasoft.ch\/fr\/#\/schema\/logo\/image\/"}}]}},"_links":{"self":[{"href":"https:\/\/casalead.onyx.casasoft.ch\/fr\/wp-json\/wp\/v2\/pages\/7081","targetHints":{"allow":["GET"]}}],"collection":[{"href":"https:\/\/casalead.onyx.casasoft.ch\/fr\/wp-json\/wp\/v2\/pages"}],"about":[{"href":"https:\/\/casalead.onyx.casasoft.ch\/fr\/wp-json\/wp\/v2\/types\/page"}],"author":[{"embeddable":true,"href":"https:\/\/casalead.onyx.casasoft.ch\/fr\/wp-json\/wp\/v2\/users\/1"}],"replies":[{"embeddable":true,"href":"https:\/\/casalead.onyx.casasoft.ch\/fr\/wp-json\/wp\/v2\/comments?post=7081"}],"version-history":[{"count":0,"href":"https:\/\/casalead.onyx.casasoft.ch\/fr\/wp-json\/wp\/v2\/pages\/7081\/revisions"}],"wp:attachment":[{"href":"https:\/\/casalead.onyx.casasoft.ch\/fr\/wp-json\/wp\/v2\/media?parent=7081"}],"curies":[{"name":"wp","href":"https:\/\/api.w.org\/{rel}","templated":true}]}}