{"id":1709,"date":"2025-01-27T10:22:33","date_gmt":"2025-01-27T09:22:33","guid":{"rendered":"https:\/\/casalead.onyx.casasoft.ch\/note-legali\/"},"modified":"2025-01-27T10:22:33","modified_gmt":"2025-01-27T09:22:33","slug":"note-legali","status":"publish","type":"page","link":"https:\/\/casalead.onyx.casasoft.ch\/it\/note-legali\/","title":{"rendered":"Note legali"},"content":{"rendered":"<p style=\"display:none\">&nbsp;<\/p>\n<div class=\"casawp-legal__page casawp-legal__page--terms\"><ol>\n\t<li><a href=\"#term_1\">Informativa sulla protezione dei dati<\/a><\/li>\n\t<li><a href=\"#term_2\">Trattamento di dati personali<\/a><\/li>\n\t<li><a href=\"#term_3\">Dati raccolti direttamente da noi<\/a>\n\t\t<ol>\n\t\t\t<li><a href=\"#term_3_1\">Moduli di richiesta<\/a><\/li>\n\t\t\t<li><a href=\"#term_3_2\">Registrazione di un profilo di ricerca immobiliare<\/a><\/li>\n\t\t\t<li><a href=\"#term_3_3\">Abbonamento alla newsletter<\/a><\/li>\n\t\t\t<li><a href=\"#term_3_4\">Raccolta di dati nel processo di candidatura<\/a><\/li>\n\t\t<\/ol>\n  \t<\/li>\n  \t<li><a href=\"#term_4\">Dati raccolti attraverso servizi di terzi<\/a>\n\t\t<ol>\n\t\t\t<li><a href=\"#term_4_1\">Utilizzo di cookie<\/a><\/li>\n\t\t\t<li><a href=\"#term_4_2\">Utilizzo di Google Analytics<\/a><\/li>\n\t\t\t<li><a href=\"#term_4_3\">Utilizzo di librerie di script<\/a><\/li>\n\t\t\t<li><a href=\"#term_4_4\">Utilizzo di Google Maps<\/a><\/li>\n\t\t\t<li><a href=\"#term_4_5\">Utilizzo di social plugin<\/a><\/li>\n\t\t<\/ol>\n\t<\/li>\n\t<li><a href=\"#term_5\">Trasmissione di dati a terzi<\/a><\/li>\n\t<li><a href=\"#term_6\">Trasmissione di dati personali all'estero<\/a><\/li>\n\t<li><a href=\"#term_7\">Durata della conservazione dei dati<\/a><\/li>\n\t<li><a href=\"#term_8\">Protezione dei dati<\/a><\/li>\n\t<li><a href=\"#term_9\">I vostri diritti in qualit\u00e0 di utenti del nostro sito web<\/a><\/li>\n\t<li><a href=\"#term_10\">Responsabilit\u00e0<\/a><\/li>\n<\/ol>\n\n\n\n<h2 id=\"term_1\">Informativa sulla protezione dei dati<\/h2>\n<p>La seguente informativa sulla protezione dei dati si applica all'utilizzo di questo sito web. Di regola, \u00e8 possibile utilizzare il nostro sito web senza alcuna necessit\u00e0 di fornire dati personali. Tuttavia, se tramite il nostro sito web desiderate usufruire di un particolare servizio offerto dalla nostra azienda, potrebbe rendersi necessario il trattamento dei dati personali.<\/p>\n<p>Questo sito web \u00e8 soggetto alla <a href=\"https:\/\/www.fedlex.admin.ch\/eli\/oc\/2022\/491\/it\" target=\"_blank\">Legge federale sulla protezione dei dati (LPD)<\/a> e recepisce i punti fondamentali del <a href=\"https:\/\/www.fedlex.admin.ch\/eli\/oc\/2022\/491\/it\" target=\"_blank\">Regolamento generale sulla protezione dei dati (RGPD)<\/a> dell'Unione europea (UE).<\/p>\n<p>Ci impegniamo a garantire la sicurezza dei vostri dati nel rispetto delle leggi vigenti sulla protezione dei dati e delle possibilit\u00e0 tecniche disponibili. In genere, trasmettiamo i vostri dati personali in forma cifrata. Utilizziamo il sistema di codifica SSL (Secure Socket Layer) ma precisiamo che il trasferimento di dati tramite Internet (ad es. in caso di comunicazione via e-mail) pu\u00f2 evidenziare lacune in termini di sicurezza.<\/p>\n<p>La presente informativa sulla protezione dei dati viene costantemente integrata e adeguata in funzione del quadro normativo e dei servizi offerti. In ogni caso si applica sempre la regolamentazione attuale in materia di protezione dei dati. Eventuali modifiche entrano in vigore nel momento in cui sono pubblicate sul nostro sito web.<\/p>\n<h2 id=\"term_2\">Trattamento di dati personali<\/h2>\n<p>Potete registrarvi sul sito web indicando i vostri dati personali per usufruire di vari servizi. La specifica maschera di inserimento dei dati utilizzata per la registrazione determina quali dati personali vengono trasmessi al responsabile del trattamento.<\/p>\n<p>Sono <strong>dati personali<\/strong> tutte le informazioni che si riferiscono a una persona identificata o identificabile. Tra questi figurano ad esempio il nome, il recapito, l'indirizzo e-mail o il numero di telefono di una persona. Questi dati personali possono essere trattati da noi. Per <strong>trattamento<\/strong> si intende qualsiasi operazione o insieme di operazioni, compiute con o senza l'ausilio di processi automatizzati e applicate a dati personali, come la raccolta, la registrazione, l'organizzazione, la selezione, la conservazione, l'adattamento o la modifica, l'estrazione, la consultazione, l'uso, la comunicazione mediante trasmissione, diffusione o qualsiasi altra forma di messa a disposizione, il raffronto o l'interconnessione, la limitazione, la cancellazione o la distruzione.<\/p>\n<p><strong>I dati personali da voi inseriti saranno raccolti e conservati esclusivamente per l'uso interno da parte del responsabile del trattamento e per le proprie finalit\u00e0. Se possibile, i dati vengono resi anonimi. Per anonimizzazione si intende l'impossibilit\u00e0 di risalire all'identit\u00e0 della persona interessata.<\/strong><\/p>\n<p>Il criterio per la durata della conservazione dei dati personali \u00e8 il rispettivo periodo di conservazione previsto dalla legge o un nostro interesse legittimo alla conservazione dei dati, ad esempio per l'adempimento di un contratto o per finalit\u00e0 di conservazione della prova. Alla scadenza di tale periodo i dati in questione vengono cancellati di routine.<\/p>\n<h2 id=\"term_3\">Dati raccolti direttamente da noi<\/h2>\n<p>Contestualmente all'utilizzo del nostro sito web e dei relativi servizi possiamo raccogliere i seguenti dati:<\/p>\n<h3 id=\"term_3_1\">Moduli di richiesta<\/h3>\n<p>Se siete interessati a una determinata offerta immobiliare, potete inviarci una richiesta compilando un modulo. La specifica maschera di inserimento dei dati determina quali dati personali vengono trasmessi in fase di richiesta. I vostri dati possono essere registrati manualmente in un software di un fornitore terzo oppure importati tramite l'interfaccia. In base ai dati memorizzati possiamo proporvi altre offerte immobiliari corrispondenti ai criteri della vostra richiesta. L'individuazione di offerte immobiliari rilevanti pu\u00f2 avvenire manualmente o automaticamente con l'ausilio di un software. Possiamo contattarvi via e-mail, a mezzo posta o telefonicamente per comunicarvi tali offerte immobiliari. In ogni momento potete cancellare la vostra registrazione a questo servizio.<\/p>\n<h3 id=\"term_3_2\">Creazione di un profilo di ricerca immobiliare<\/h3>\n<p>Sul nostro sito web, gli utenti hanno la possibilit\u00e0 di creare un profilo di ricerca immobiliare compilando un modulo. Un profilo di ricerca immobiliare ha lo scopo di comunicarci le vostre preferenze in fatto di ricerca immobiliare. La maschera di inserimento dei dati utilizzata a questo scopo determina quali dati personali vengono trasmessi con la creazione del profilo.<\/p>\n<p>I dati personali raccolti per la creazione di un profilo di ricerca immobiliare vengono utilizzati esclusivamente per fornirvi informazioni su offerte immobiliari adeguate. I dati trasmessi possono essere registrati manualmente in un software di un fornitore terzo oppure importati tramite l'interfaccia. Se esistono immobili corrispondenti ai criteri di ricerca, possiamo informarvi via e-mail, a mezzo posta o telefonicamente. Possiamo inoltre contattarvi a cadenza regolare per aggiornare i vostri dati personali relativi al profilo di ricerca immobiliare. In qualsiasi momento potete disattivare temporaneamente o cancellare definitivamente il vostro profilo di ricerca immobiliare.<\/p>\n<h3 id=\"term_3_3\">Abbonamento alla newsletter<\/h3>\n<p>Potete iscrivervi alla newsletter della nostra azienda compilando il modulo o inviando un'e-mail. Se possibile, al primo invio della newsletter verr\u00e0 inviata un'e-mail di conferma all'indirizzo e-mail indicato con procedura di double opt-in. In ogni momento potete annullare il vostro abbonamento alla newsletter. In ogni newsletter si trova un link per la cancellazione dal servizio. In assenza di questo link, vi preghiamo di contattare il responsabile della protezione dei dati del nostro sito web. <\/p>\n<p>La nostra newsletter pu\u00f2 contenere un web beacon. Un web beacon (o pixel di tracciamento) \u00e8 una miniatura grafica incorporata in queste e-mail, che consente la registrazione e l'analisi dei file di log. Questi servono alla valutazione statistica del successo o del fallimento delle campagne di marketing online. L'analisi pu\u00f2 avvenire in forma anonima o con riferimento a dati personali. \u00c8 possibile disattivare il caricamento di queste grafiche esterne \/ pixel di tracciamento nelle impostazioni di tutti i comuni programmi di posta elettronica.<\/p>\n<h3 id=\"term_3_4\">Raccolta di dati nel processo di candidatura<\/h3>\n<p>Possiamo raccogliere e trattare dati personali messi a disposizione dai candidati nell'ambito di un processo di candidatura. Il trattamento pu\u00f2 avvenire anche in modalit\u00e0 elettronica. Questo vale in particolare nel caso in cui un candidato ci trasmetta i corrispondenti documenti di candidatura in modalit\u00e0 elettronica, ad esempio via e-mail o attraverso un modulo online compilabile sul sito web. I dati trasmessi vengono utilizzati esclusivamente in relazione al profilo professionale per il quale \u00e8 stata effettuata la candidatura.<\/p>\n<h2 id=\"term_4\">Dati raccolti attraverso servizi di terzi<\/h2>\n<p>Per migliorare costantemente la qualit\u00e0 dei nostri servizi, sul nostro sito web sono state integrate le seguenti tecnologie:<\/p>\n<h3 id=\"term_4_1\">Cookie<\/h3>\n<p>In determinati casi facciamo uso di cookie. Grazie ai cookie \u00e8 possibile ottimizzare le informazioni e le offerte del nostro sito web nell'interesse dell'utente. I cookie ci consentono di riconoscere gli utenti del nostro sito web. Lo scopo di questo riconoscimento \u00e8 agevolare l'utilizzo del nostro sito web per gli utenti. Potete impedire al nostro sito web di utilizzare cookie in qualsiasi momento, adeguando opportunamente le impostazioni del browser internet utilizzato, bloccando cos\u00ec in modo permanente l'utilizzo di cookie.<\/p>\n<h3 id=\"term_4_2\">Utilizzo di Google Analytics<\/h3>\n<p>Google Analytics \u00e8 un servizio di analisi web. La nostra analisi web prevede l'acquisizione, la raccolta e l'analisi anonime di dati sul comportamento degli utenti che visitano siti web. Un servizio di analisi web registra, tra le altre cose, anche dati relativi a: il sito web dal quale un utente \u00e8 approdato a un altro sito web (il nostro), la sottopagina del sito web che ha visitato o la frequenza e la durata della visita a una sottopagina. Per registrare queste informazioni, Google Analytics impiega un cookie. Come indicato sopra, potete impedire in qualsiasi momento l'utilizzo di cookie da parte del nostro sito web mediante un'apposita impostazione nel browser internet da voi utilizzato.<\/p>\n\n\n<h3 id=\"term_4_3\">Utilizzo di librerie di script<\/h3>\n<p>Per fornire correttamente i contenuti o per proteggerli dallo spam, sul nostro sito web utilizziamo librerie di script e librerie di caratteri (ad es. Google Web Fonts per i caratteri, Google Ratings per le valutazioni o Google Recaptcha per proteggere il sito web dallo spam). Quando si richiama una libreria di script o di caratteri si instaura una connessione con l'offerente della libreria. \u00c8 possibile che il gestore della libreria raccolga i dati di questa connessione.<\/p>\n<h3 id=\"term_4_4\">Utilizzo di Google Maps<\/h3>\n<p>Utilizziamo un'interfaccia di comunicazione con dati geospecifici di Google al fine di visualizzare informazioni di localizzazione. In questo contesto, Google registra e utilizza dati sull'utilizzo della funzione della mappa. Per informazioni sull'utilizzo dei dati da parte di Google \u00e8 possibile consultare <a href=\"https:\/\/policies.google.com\/privacy?hl=it\" target=\"_blank\">l'informativa sulla protezione dei dati di Google.<\/a><\/p>\n<h3 id=\"term_4_5\">Utilizzo di social plugin<\/h3>\n<p>Sul nostro sito web possono essere impostati social plugin di vari offerenti di social network. Tramite questi plugin, i rispettivi social network utilizzano determinate informazioni, tra cui possono rientrare anche i dati personali. Se la persona interessata si collega a un social network contemporaneamente alla visita del nostro sito web, si pu\u00f2 presumere che i dati personali vengano trasmessi ai social network. Non esercitiamo alcuna influenza sui dati utilizzati dai social network. Noi non utilizziamo social plugin per la registrazione dei dati personali. Per conoscere come vengono raccolti, trattati e utilizzati i dati personali, consultare le direttive in materia di protezione dei dati dei social network in questione.<\/p>\n\n\n<h2 id=\"term_5\">Trasmissione di dati a terzi<\/h2>\n<p>Per combattere truffe e abusi o se sospettiamo in altro modo un'attivit\u00e0 criminale, possiamo divulgare i vostri dati a forze dell'ordine e tribunali svizzeri ed esteri.<\/p>\n<p>Oltre alla trasmissione dei vostri dati sopra descritta, inoltriamo i vostri dati solo a fronte di un vostro esplicito consenso in conformit\u00e0 alla legge sulla protezione dei dati, se sussistono obblighi di legge o se ci\u00f2 \u00e8 necessario per far valere i nostri diritti, in particolare per far valere i diritti derivanti dal rapporto contrattuale, che rappresenta un nostro interesse preponderante.<\/p>\n<h2 id=\"term_6\">Trasmissione di dati personali all'estero<\/h2>\t\n<p>Possiamo trasferire i vostri dati personali anche a societ\u00e0 terze o fornitori di servizi incaricati all'estero, in particolare in Europa e negli Stati Uniti, purch\u00e9 ci\u00f2 sia appropriato ai fini del trattamento dei dati descritto nella presente informativa sulla protezione dei dati. Questi sono ugualmente tenuti alla protezione dei dati. Se il livello di protezione dei dati in uno Stato non corrisponde a quello della Svizzera, garantiamo mediante opportune disposizioni contrattuali che la protezione dei vostri dati personali corrisponda sempre a quella vigente in Svizzera. Per garantire ci\u00f2, stipuliamo con i fornitori di servizi incaricati clausole modello UE o altri contratti approvati dal Commissario Federale Svizzero per la Protezione e la Comunicazione dei Dati.<\/p>\n<h2 id=\"term_7\">Durata della conservazione dei dati<\/h2>\t\n<p>Conserviamo i vostri dati solo per il tempo strettamente necessario dal punto di vista legale o in conformit\u00e0 allo scopo del trattamento, in particolare per l'esecuzione del mandato o del contratto e per l'adempimento di obblighi legali. <\/p>\n<p>Nell'ambito dell'analisi, conserviamo i vostri dati solo fino alla conlusione del processo o fino al momento in cui non vi \u00e8stata opposizione a un ulteriore trattamento. I dati archiviati in seguito a un rapporto contrattuale stipulato con voi rimarranno archiviati almeno finch\u00e9 sussiste il rapporto contrattuale e non oltre la data di decorrenza dei termini di prescrizione per eventuali rivendicazioni da parte nostra o comunque finch\u00e9 sussistono obblighi di conservazione previsti dalla legge o dal contratto. <\/p>\n<p>Per legge, i contenuti del modulo di contatto e la seguente corrispondenza via e-mail devono essere da noi conservati per sei mesi.<\/p>\n<p>La cancellazione avverr\u00e0 nel caso in cui i vostri dati non saranno pi\u00f9 necessari per le finalit\u00e0 di trattamento dichiarate e anche nel caso in cui non saremo pi\u00f9 tenuti per legge a conservarli.<\/p>\n<h2 id=\"term_8\">Protezione dei dati<\/h2>\t\n<p>Adottiamo adeguate disposizione tecniche e organizzative per proteggere scrupolosamente i vostri dati da perdita, distruzione, falsificazione, manipolazione o da accesso non autorizzato. Gestiamo reti di dati sicure conformi agli standard tecnici vigenti. Le nostre misure di sicurezza vengono costantemente adeguate e migliorate in linea con gli sviluppi tecnologici.<\/p>\n<p>I nostri collaboratori e le aziende di servizi da noi incaricate sono tenuti al segreto e al rispetto delle disposizioni in materia di protezione dei dati.<\/p>\n\n<h2 id=\"term_9\">I vostri diritti in qualit\u00e0 di utenti del nostro sito web<\/h2>\n<p>Le leggi applicabili garantiscono diversi diritti relativamente ai vostri dati personali. Potete esercitare i seguenti diritti presso il nostro responsabile della protezione dei dati:<\/p>\n<ul>\n\t<li>Ottenere informazioni sui vostri dati archiviati e sul relativo trattamento<\/li>\n\t<li>Correzione di dati personali errati<\/li>\n\t<li>Chiedere la cancellazione dei vostri dati archiviati<\/li>\n\t<li>Chiedere la limitazione del trattamento dei dati, purch\u00e9 obblighi di legge non ci impediscano di cancellare i vostri dati<\/li>\n\t<li>Opporvi al trattamento dei vostri dati<\/li>\n\t<li>Ottenere il trasferimento dei dati, ossia ricevere i dati archiviati in un formato leggibile da dispositivo automatico, purch\u00e9 abbiate acconsentito al trattamento dei dati o abbiate stipulato un contratto con noi.<\/li>\n<\/ul>\n<p>Si prega di notare che l'esercizio di tali diritti pu\u00f2 essere limitato, in tutto o in parte, per motivi legali o in virt\u00f9 della legge sulla protezione dei dati. Laddove necessario e consentito per legge, vi informeremo dei motivi della nostra decisione.<\/p>\n<h2 id=\"term_10\">Responsabilit\u00e0<\/h2>\n<p>Il responsabile della raccolta, del trattamento e dell'utilizzo dei vostri dati personali \u00e8:<\/p>\n<p>\n\tCasasoft AG\n\n\t\t<br>Thurgauerstrasse 36\n\n\n\t\t<br>8050 Z\u00fcrich\n\n\t\t<br>Schweiz\n<\/p>\n\n\n<p>Se desiderate opporvi, in tutto o solo in parte, alla raccolta, al trattamento o all'utilizzo dei vostri dati da parte nostra secondo quanto indicato nella presente informativa sulla protezione dei dati potete rivolgervi al responsabile.<\/p>\n\n\n\n\n<\/div>","protected":false},"excerpt":{"rendered":"<p>&nbsp; Informativa sulla protezione dei dati Trattamento di dati personali Dati raccolti direttamente da noi Moduli di richiesta Registrazione di un profilo di ricerca immobiliare Abbonamento alla newsletter Raccolta di dati nel processo di candidatura Dati raccolti attraverso servizi di terzi Utilizzo di cookie Utilizzo di Google Analytics Utilizzo di librerie di script Utilizzo di [&hellip;]<\/p>\n","protected":false},"author":1,"featured_media":0,"parent":0,"menu_order":0,"comment_status":"closed","ping_status":"closed","template":"container-page.php","meta":{"_acf_changed":false,"inline_featured_image":false,"footnotes":""},"class_list":["post-1709","page","type-page","status-publish","hentry"],"acf":[],"yoast_head":"<!-- This site is optimized with the Yoast SEO plugin v27.3 - https:\/\/yoast.com\/product\/yoast-seo-wordpress\/ -->\n<title>Note legali - Onyx CASALEAD<\/title>\n<meta name=\"robots\" content=\"noindex, follow, max-snippet:-1, max-image-preview:large, max-video-preview:-1\" \/>\n<meta property=\"og:locale\" content=\"it_IT\" \/>\n<meta property=\"og:type\" content=\"article\" \/>\n<meta property=\"og:title\" content=\"Note legali - Onyx CASALEAD\" \/>\n<meta property=\"og:description\" content=\"&nbsp; Informativa sulla protezione dei dati Trattamento di dati personali Dati raccolti direttamente da noi Moduli di richiesta Registrazione di un profilo di ricerca immobiliare Abbonamento alla newsletter Raccolta di dati nel processo di candidatura Dati raccolti attraverso servizi di terzi Utilizzo di cookie Utilizzo di Google Analytics Utilizzo di librerie di script Utilizzo di [&hellip;]\" \/>\n<meta property=\"og:url\" content=\"https:\/\/casalead.onyx.casasoft.ch\/it\/note-legali\/\" \/>\n<meta property=\"og:site_name\" content=\"Onyx CASALEAD\" \/>\n<meta property=\"og:image\" content=\"https:\/\/casalead.onyx.casasoft.ch\/wp-content\/uploads\/sites\/10\/2024\/12\/logo.svg\" \/>\n<meta name=\"twitter:card\" content=\"summary_large_image\" \/>\n<script type=\"application\/ld+json\" class=\"yoast-schema-graph\">{\"@context\":\"https:\\\/\\\/schema.org\",\"@graph\":[{\"@type\":\"WebPage\",\"@id\":\"https:\\\/\\\/casalead.onyx.casasoft.ch\\\/it\\\/note-legali\\\/\",\"url\":\"https:\\\/\\\/casalead.onyx.casasoft.ch\\\/it\\\/note-legali\\\/\",\"name\":\"Note legali - Onyx CASALEAD\",\"isPartOf\":{\"@id\":\"https:\\\/\\\/casalead.onyx.casasoft.ch\\\/it\\\/#website\"},\"datePublished\":\"2025-01-27T09:22:33+00:00\",\"breadcrumb\":{\"@id\":\"https:\\\/\\\/casalead.onyx.casasoft.ch\\\/it\\\/note-legali\\\/#breadcrumb\"},\"inLanguage\":\"it-IT\",\"potentialAction\":[{\"@type\":\"ReadAction\",\"target\":[\"https:\\\/\\\/casalead.onyx.casasoft.ch\\\/it\\\/note-legali\\\/\"]}]},{\"@type\":\"BreadcrumbList\",\"@id\":\"https:\\\/\\\/casalead.onyx.casasoft.ch\\\/it\\\/note-legali\\\/#breadcrumb\",\"itemListElement\":[{\"@type\":\"ListItem\",\"position\":1,\"name\":\"Startseite\",\"item\":\"https:\\\/\\\/casalead.onyx.casasoft.ch\\\/it\\\/\"},{\"@type\":\"ListItem\",\"position\":2,\"name\":\"Note legali\"}]},{\"@type\":\"WebSite\",\"@id\":\"https:\\\/\\\/casalead.onyx.casasoft.ch\\\/it\\\/#website\",\"url\":\"https:\\\/\\\/casalead.onyx.casasoft.ch\\\/it\\\/\",\"name\":\"CASAWEB Onyx Demo\",\"description\":\"\",\"publisher\":{\"@id\":\"https:\\\/\\\/casalead.onyx.casasoft.ch\\\/it\\\/#organization\"},\"potentialAction\":[{\"@type\":\"SearchAction\",\"target\":{\"@type\":\"EntryPoint\",\"urlTemplate\":\"https:\\\/\\\/casalead.onyx.casasoft.ch\\\/it\\\/?s={search_term_string}\"},\"query-input\":{\"@type\":\"PropertyValueSpecification\",\"valueRequired\":true,\"valueName\":\"search_term_string\"}}],\"inLanguage\":\"it-IT\"},{\"@type\":\"Organization\",\"@id\":\"https:\\\/\\\/casalead.onyx.casasoft.ch\\\/it\\\/#organization\",\"name\":\"CASAWEB Onyx Demo\",\"url\":\"https:\\\/\\\/casalead.onyx.casasoft.ch\\\/it\\\/\",\"logo\":{\"@type\":\"ImageObject\",\"inLanguage\":\"it-IT\",\"@id\":\"https:\\\/\\\/casalead.onyx.casasoft.ch\\\/it\\\/#\\\/schema\\\/logo\\\/image\\\/\",\"url\":\"https:\\\/\\\/casalead.onyx.casasoft.ch\\\/wp-content\\\/uploads\\\/sites\\\/10\\\/2024\\\/12\\\/logo.svg\",\"contentUrl\":\"https:\\\/\\\/casalead.onyx.casasoft.ch\\\/wp-content\\\/uploads\\\/sites\\\/10\\\/2024\\\/12\\\/logo.svg\",\"width\":1,\"height\":1,\"caption\":\"CASAWEB Onyx Demo\"},\"image\":{\"@id\":\"https:\\\/\\\/casalead.onyx.casasoft.ch\\\/it\\\/#\\\/schema\\\/logo\\\/image\\\/\"}}]}<\/script>\n<!-- \/ Yoast SEO plugin. -->","yoast_head_json":{"title":"Note legali - Onyx CASALEAD","robots":{"index":"noindex","follow":"follow","max-snippet":"max-snippet:-1","max-image-preview":"max-image-preview:large","max-video-preview":"max-video-preview:-1"},"og_locale":"it_IT","og_type":"article","og_title":"Note legali - Onyx CASALEAD","og_description":"&nbsp; Informativa sulla protezione dei dati Trattamento di dati personali Dati raccolti direttamente da noi Moduli di richiesta Registrazione di un profilo di ricerca immobiliare Abbonamento alla newsletter Raccolta di dati nel processo di candidatura Dati raccolti attraverso servizi di terzi Utilizzo di cookie Utilizzo di Google Analytics Utilizzo di librerie di script Utilizzo di [&hellip;]","og_url":"https:\/\/casalead.onyx.casasoft.ch\/it\/note-legali\/","og_site_name":"Onyx CASALEAD","og_image":[{"url":"https:\/\/casalead.onyx.casasoft.ch\/wp-content\/uploads\/sites\/10\/2024\/12\/logo.svg","type":"","width":"","height":""}],"twitter_card":"summary_large_image","schema":{"@context":"https:\/\/schema.org","@graph":[{"@type":"WebPage","@id":"https:\/\/casalead.onyx.casasoft.ch\/it\/note-legali\/","url":"https:\/\/casalead.onyx.casasoft.ch\/it\/note-legali\/","name":"Note legali - Onyx CASALEAD","isPartOf":{"@id":"https:\/\/casalead.onyx.casasoft.ch\/it\/#website"},"datePublished":"2025-01-27T09:22:33+00:00","breadcrumb":{"@id":"https:\/\/casalead.onyx.casasoft.ch\/it\/note-legali\/#breadcrumb"},"inLanguage":"it-IT","potentialAction":[{"@type":"ReadAction","target":["https:\/\/casalead.onyx.casasoft.ch\/it\/note-legali\/"]}]},{"@type":"BreadcrumbList","@id":"https:\/\/casalead.onyx.casasoft.ch\/it\/note-legali\/#breadcrumb","itemListElement":[{"@type":"ListItem","position":1,"name":"Startseite","item":"https:\/\/casalead.onyx.casasoft.ch\/it\/"},{"@type":"ListItem","position":2,"name":"Note legali"}]},{"@type":"WebSite","@id":"https:\/\/casalead.onyx.casasoft.ch\/it\/#website","url":"https:\/\/casalead.onyx.casasoft.ch\/it\/","name":"CASAWEB Onyx Demo","description":"","publisher":{"@id":"https:\/\/casalead.onyx.casasoft.ch\/it\/#organization"},"potentialAction":[{"@type":"SearchAction","target":{"@type":"EntryPoint","urlTemplate":"https:\/\/casalead.onyx.casasoft.ch\/it\/?s={search_term_string}"},"query-input":{"@type":"PropertyValueSpecification","valueRequired":true,"valueName":"search_term_string"}}],"inLanguage":"it-IT"},{"@type":"Organization","@id":"https:\/\/casalead.onyx.casasoft.ch\/it\/#organization","name":"CASAWEB Onyx Demo","url":"https:\/\/casalead.onyx.casasoft.ch\/it\/","logo":{"@type":"ImageObject","inLanguage":"it-IT","@id":"https:\/\/casalead.onyx.casasoft.ch\/it\/#\/schema\/logo\/image\/","url":"https:\/\/casalead.onyx.casasoft.ch\/wp-content\/uploads\/sites\/10\/2024\/12\/logo.svg","contentUrl":"https:\/\/casalead.onyx.casasoft.ch\/wp-content\/uploads\/sites\/10\/2024\/12\/logo.svg","width":1,"height":1,"caption":"CASAWEB Onyx Demo"},"image":{"@id":"https:\/\/casalead.onyx.casasoft.ch\/it\/#\/schema\/logo\/image\/"}}]}},"_links":{"self":[{"href":"https:\/\/casalead.onyx.casasoft.ch\/it\/wp-json\/wp\/v2\/pages\/1709","targetHints":{"allow":["GET"]}}],"collection":[{"href":"https:\/\/casalead.onyx.casasoft.ch\/it\/wp-json\/wp\/v2\/pages"}],"about":[{"href":"https:\/\/casalead.onyx.casasoft.ch\/it\/wp-json\/wp\/v2\/types\/page"}],"author":[{"embeddable":true,"href":"https:\/\/casalead.onyx.casasoft.ch\/it\/wp-json\/wp\/v2\/users\/1"}],"replies":[{"embeddable":true,"href":"https:\/\/casalead.onyx.casasoft.ch\/it\/wp-json\/wp\/v2\/comments?post=1709"}],"version-history":[{"count":0,"href":"https:\/\/casalead.onyx.casasoft.ch\/it\/wp-json\/wp\/v2\/pages\/1709\/revisions"}],"wp:attachment":[{"href":"https:\/\/casalead.onyx.casasoft.ch\/it\/wp-json\/wp\/v2\/media?parent=1709"}],"curies":[{"name":"wp","href":"https:\/\/api.w.org\/{rel}","templated":true}]}}